{"id":9,"date":"2019-08-06T14:34:15","date_gmt":"2019-08-06T14:34:15","guid":{"rendered":"https:\/\/desetaosnovna.edu.ba\/?page_id=9"},"modified":"2020-12-04T13:06:32","modified_gmt":"2020-12-04T13:06:32","slug":"o-skoli","status":"publish","type":"page","link":"https:\/\/desetaosnovna.edu.ba\/index.php\/o-skoli\/","title":{"rendered":"Aktuelnosti"},"content":{"rendered":"\n<p class=\"has-small-font-size\">04 Dec, 2020<\/p>\n\n\n\n<h2 class=\"wp-block-heading\">\u0160KOLO, SRETAN TI RO\u0110ENDAN!<\/h2>\n\n\n\n<p>Obilje\u017eiti Dan \u0161kole u vanrednim okolnostima bio je veliki izazov za na\u0161e u\u010denike i uposlenike, ali naravno da su spremno odgovorili i tom izazovu. Umjesto sve\u010dane priredbe povodom Dana \u0161kole, kreirali su specijalno izdanje emisije \u201cDesetica\u201d koja se, kako ka\u017eu u\u010denici, emituje na Deseta TV. Na\u0161i mali reporteri su se potrudili da nam donesu \u0161to vi\u0161e interesantnih pri\u010da iz Desete, a imamo i gosta reportera. Pogledajte i u\u017eivajte!<\/p>\n\n\n\n<figure class=\"wp-block-embed-youtube aligncenter wp-block-embed is-type-video is-provider-youtube wp-embed-aspect-16-9 wp-has-aspect-ratio\"><div class=\"wp-block-embed__wrapper\">\n<iframe loading=\"lazy\" title=\"Dan \u0161kole - JU &quot;Deseta osnovna \u0161kola&quot;, Ilid\u017ea\" width=\"750\" height=\"422\" src=\"https:\/\/www.youtube.com\/embed\/4RlqcnHTNpE?feature=oembed\" frameborder=\"0\" allow=\"accelerometer; autoplay; clipboard-write; encrypted-media; gyroscope; picture-in-picture\" allowfullscreen><\/iframe>\n<\/div><\/figure>\n\n\n\n<p><\/p>\n\n\n\n<hr class=\"wp-block-separator is-style-wide\"\/>\n\n\n\n<p class=\"has-small-font-size\">25 Nov, 2020<\/p>\n\n\n\n<h1 class=\"wp-block-heading\">Sretan 25. novembar \u2013 Dan dr\u017eavnosti Bosne i Hercegovine<\/h1>\n\n\n\n<p>I ove godine u\u010denici na\u0161e \u0161kole obilje\u017eili su 25. novembar \u2013 Dan dr\u017eavnosti Bosne i Hercegovine ali na malo druga\u010diji na\u010din. Prva asocijacija na<br>rije\u010d domovina jeste ponos. Ponos zbog toga \u0161to nam domovina osigurava na\u0161 identitet, na\u0161 jezik, kulturu, tradiciju, obi\u010daje i historiju!<br>Osje\u0107anja ljubavi i ponosa pokazali su na\u0161i u\u010denici koji su vrijedno radili, u\u010dili i pripremali se za ovu online priredbu. U\u010denici nam \u0161alju poruku ljubavi jer to je na\u0161a DOMOVINA zaslu\u017eila.<br><strong>SVIM BOSANCIMA I HERCEGOVCIMA SRETAN 25. NOVEMBAR \u2013 DAN DR\u017dAVNOSTI NA\u0160E JEDINE DOMOVINE.<\/strong><\/p>\n\n\n\n<figure class=\"wp-block-embed-youtube aligncenter wp-block-embed is-type-video is-provider-youtube wp-embed-aspect-16-9 wp-has-aspect-ratio\"><div class=\"wp-block-embed__wrapper\">\n<iframe loading=\"lazy\" title=\"Priredba Desete osnovne \u0161kole 25  11  2020\" width=\"750\" height=\"422\" src=\"https:\/\/www.youtube.com\/embed\/mTBuL_8tTUE?feature=oembed\" frameborder=\"0\" allow=\"accelerometer; autoplay; clipboard-write; encrypted-media; gyroscope; picture-in-picture\" allowfullscreen><\/iframe>\n<\/div><\/figure>\n\n\n\n<figure class=\"wp-block-gallery columns-3 is-cropped wp-block-gallery-1 is-layout-flex wp-block-gallery-is-layout-flex\"><ul class=\"blocks-gallery-grid\"><li class=\"blocks-gallery-item\"><figure><img loading=\"lazy\" decoding=\"async\" width=\"1024\" height=\"1024\" src=\"https:\/\/desetaosnovna.edu.ba\/wp-content\/uploads\/2020\/11\/photocollage_20201124103447298-3-1024x1024.jpg\" alt=\"\" data-id=\"1181\" data-link=\"https:\/\/desetaosnovna.edu.ba\/index.php\/o-skoli\/photocollage_20201124103447298-3\/\" class=\"wp-image-1181\" srcset=\"https:\/\/desetaosnovna.edu.ba\/wp-content\/uploads\/2020\/11\/photocollage_20201124103447298-3-1024x1024.jpg 1024w, https:\/\/desetaosnovna.edu.ba\/wp-content\/uploads\/2020\/11\/photocollage_20201124103447298-3-300x300.jpg 300w, https:\/\/desetaosnovna.edu.ba\/wp-content\/uploads\/2020\/11\/photocollage_20201124103447298-3-150x150.jpg 150w, https:\/\/desetaosnovna.edu.ba\/wp-content\/uploads\/2020\/11\/photocollage_20201124103447298-3-768x768.jpg 768w, https:\/\/desetaosnovna.edu.ba\/wp-content\/uploads\/2020\/11\/photocollage_20201124103447298-3-70x70.jpg 70w, https:\/\/desetaosnovna.edu.ba\/wp-content\/uploads\/2020\/11\/photocollage_20201124103447298-3-246x246.jpg 246w, https:\/\/desetaosnovna.edu.ba\/wp-content\/uploads\/2020\/11\/photocollage_20201124103447298-3-276x276.jpg 276w, https:\/\/desetaosnovna.edu.ba\/wp-content\/uploads\/2020\/11\/photocollage_20201124103447298-3-125x125.jpg 125w, https:\/\/desetaosnovna.edu.ba\/wp-content\/uploads\/2020\/11\/photocollage_20201124103447298-3.jpg 1080w\" sizes=\"auto, (max-width: 1024px) 100vw, 1024px\" \/><\/figure><\/li><li class=\"blocks-gallery-item\"><figure><img loading=\"lazy\" decoding=\"async\" width=\"768\" height=\"1024\" src=\"https:\/\/desetaosnovna.edu.ba\/wp-content\/uploads\/2020\/11\/20201124_102453-1-768x1024.jpg\" alt=\"\" data-id=\"1184\" data-link=\"https:\/\/desetaosnovna.edu.ba\/index.php\/o-skoli\/smart-2\/\" class=\"wp-image-1184\" srcset=\"https:\/\/desetaosnovna.edu.ba\/wp-content\/uploads\/2020\/11\/20201124_102453-1-768x1024.jpg 768w, https:\/\/desetaosnovna.edu.ba\/wp-content\/uploads\/2020\/11\/20201124_102453-1-225x300.jpg 225w, https:\/\/desetaosnovna.edu.ba\/wp-content\/uploads\/2020\/11\/20201124_102453-1-1152x1536.jpg 1152w, https:\/\/desetaosnovna.edu.ba\/wp-content\/uploads\/2020\/11\/20201124_102453-1-1536x2048.jpg 1536w, https:\/\/desetaosnovna.edu.ba\/wp-content\/uploads\/2020\/11\/20201124_102453-1-scaled.jpg 1920w\" sizes=\"auto, (max-width: 768px) 100vw, 768px\" \/><\/figure><\/li><li class=\"blocks-gallery-item\"><figure><img loading=\"lazy\" decoding=\"async\" width=\"452\" height=\"552\" src=\"https:\/\/desetaosnovna.edu.ba\/wp-content\/uploads\/2020\/11\/1-1.jpg\" alt=\"\" data-id=\"1188\" data-full-url=\"https:\/\/desetaosnovna.edu.ba\/wp-content\/uploads\/2020\/11\/1-1.jpg\" data-link=\"https:\/\/desetaosnovna.edu.ba\/index.php\/o-skoli\/1-1\/\" class=\"wp-image-1188\" srcset=\"https:\/\/desetaosnovna.edu.ba\/wp-content\/uploads\/2020\/11\/1-1.jpg 452w, https:\/\/desetaosnovna.edu.ba\/wp-content\/uploads\/2020\/11\/1-1-246x300.jpg 246w\" sizes=\"auto, (max-width: 452px) 100vw, 452px\" \/><\/figure><\/li><\/ul><figcaption class=\"blocks-gallery-caption\">I \u010dlanovi Tehni\u010dke sekcije dali su svoj doprinos u obilje\u017eavanju ovog zna\u010dajnog datuma.<\/figcaption><\/figure>\n\n\n\n<hr class=\"wp-block-separator is-style-wide\"\/>\n\n\n\n<p class=\"has-small-font-size\">26 Sep, 2020<\/p>\n\n\n\n<h1 class=\"wp-block-heading\">Evropski dan jezika<\/h1>\n\n\n\n<p>\u0160irom Evrope, 800 miliona Evropljana zastupljenih u 47 dr\u017eava \u010dlanica Vije\u0107a Evrope, potaknuti su da u\u010de \u0161to vi\u0161e jezika, u bilo kojoj dobi, u \u0161koli i izvan nje. Budu\u0107i da je jezi\u010dka raznolikost alat za postizanje ve\u0107eg me\u0111ukulturnog razumijevanja i klju\u010dni element bogate kulturne ba\u0161tine na\u0161eg kontinenta, Vije\u0107e Evrope promovi\u0161e vi\u0161ejezi\u010dnost u cijeloj Evropi.<\/p>\n\n\n\n<p>Na inicijativu Vije\u0107a Evrope Evropski dan jezika se obilje\u017eava u suradnji s Evropskom komisijom 26. septembra svake godine jo\u0161 od 2001.<\/p>\n\n\n\n<p>Ove godine na\u0161a \u0161kola obilje\u017eila je Evropski dan jezika na malo druga\u010diji na\u010din. Ljepotu razli\u010ditosti i bogatstva jezi\u010dkih riznica poku\u0161ali smo do\u010darati interaktivnim posterom, koji su u saradnji sa nastavnicima bosanskog, engleskog i njema\u010dkog jezika pripremili na\u0161i vrijedni u\u010denici od 6. do 9. razreda! Zajedno smo pisali i izgovarali motivacione poruke na razli\u010ditim evropskim jezicima. Pored bosanskog, na na\u0161em interaktivnom posteru mo\u017eete poslu\u0161ati i pro\u010ditati poruke na italijanskom, \u0161panskom, makedonskom, turskom, \u0161vedskom, albanskom, ruskom, slovenskom, romskom, engleskom i njema\u010dkom jeziku. A da bi sve bilo ovako dobro sinhronizovano, tehni\u010dku podr\u0161ku pru\u017eio nam je na\u0161 u\u010denik Muhamed Avdi\u0107 iz odjeljenja 9-2.<\/p>\n\n\n\n<p>O \u010demu se radi, provjerite u nastavku!<\/p>\n\n\n<p><iframe loading=\"lazy\" width=\"960\" height=\"540\" data-original-width=\"1280\" data-original-height=\"720\" src=\"https:\/\/www.thinglink.com\/card\/1366403471611265026\" type=\"text\/html\" frameborder=\"0\" webkitallowfullscreen=\"\" mozallowfullscreen=\"\" allowfullscreen=\"\" scrolling=\"no\"><\/iframe><script async=\"\" src=\"\/\/cdn.thinglink.me\/jse\/responsive.js\"><\/script><\/p>\n\n\n\n<p><\/p>\n","protected":false},"excerpt":{"rendered":"<p>04 Dec, 2020 \u0160KOLO, SRETAN TI RO\u0110ENDAN! Obilje\u017eiti Dan \u0161kole u vanrednim okolnostima bio je veliki izazov za na\u0161e u\u010denike &hellip; <\/p>\n","protected":false},"author":1,"featured_media":0,"parent":0,"menu_order":0,"comment_status":"closed","ping_status":"closed","template":"","meta":{"ngg_post_thumbnail":0,"footnotes":""},"class_list":["post-9","page","type-page","status-publish","hentry"],"_links":{"self":[{"href":"https:\/\/desetaosnovna.edu.ba\/index.php\/wp-json\/wp\/v2\/pages\/9","targetHints":{"allow":["GET"]}}],"collection":[{"href":"https:\/\/desetaosnovna.edu.ba\/index.php\/wp-json\/wp\/v2\/pages"}],"about":[{"href":"https:\/\/desetaosnovna.edu.ba\/index.php\/wp-json\/wp\/v2\/types\/page"}],"author":[{"embeddable":true,"href":"https:\/\/desetaosnovna.edu.ba\/index.php\/wp-json\/wp\/v2\/users\/1"}],"replies":[{"embeddable":true,"href":"https:\/\/desetaosnovna.edu.ba\/index.php\/wp-json\/wp\/v2\/comments?post=9"}],"version-history":[{"count":20,"href":"https:\/\/desetaosnovna.edu.ba\/index.php\/wp-json\/wp\/v2\/pages\/9\/revisions"}],"predecessor-version":[{"id":1198,"href":"https:\/\/desetaosnovna.edu.ba\/index.php\/wp-json\/wp\/v2\/pages\/9\/revisions\/1198"}],"wp:attachment":[{"href":"https:\/\/desetaosnovna.edu.ba\/index.php\/wp-json\/wp\/v2\/media?parent=9"}],"curies":[{"name":"wp","href":"https:\/\/api.w.org\/{rel}","templated":true}]}}