{"id":182,"date":"2019-08-17T16:12:04","date_gmt":"2019-08-17T16:12:04","guid":{"rendered":"https:\/\/desetaosnovna.edu.ba\/?page_id=182"},"modified":"2025-09-28T18:43:06","modified_gmt":"2025-09-28T18:43:06","slug":"skolski-casopis","status":"publish","type":"page","link":"https:\/\/desetaosnovna.edu.ba\/index.php\/skolski-casopis\/","title":{"rendered":"\u0160kolski \u010dasopis"},"content":{"rendered":"\n<p> Svrha \u0161kolskog&nbsp;\u010dasopisa jeste da roditeljima, u\u010denicima i nastavnicima obezbijedi informacije o radu \u0161kole. Na taj na\u010din se gradi odnos \u0161kole sa u\u010denicima, roditeljima i lokalnom zajednicom. \u017delimo&nbsp;predstaviti &nbsp;odjeljenja u \u0161koli i uspjehe na\u0161ih u\u010denika, aktivnosti u kojima su u\u010destvovali da bismo podr\u017eali&nbsp;dalji razvoj u\u010denika i kreiranje atmosfere pozitivnog takmi\u010denja u \u0161koli.&nbsp;<strong>Klikom na sliku<\/strong>&nbsp;prelistajte na\u0161 \u010dasopis i pogledajte dio aktivnosti u kojima su u\u010destavovali na\u0161i u\u010denici proteklih \u0161kolskih godina.<\/p>\n\n\n\n<div class=\"wp-block-columns is-layout-flex wp-container-core-columns-is-layout-9d6595d7 wp-block-columns-is-layout-flex\">\n<div class=\"wp-block-column is-layout-flow wp-block-column-is-layout-flow\" style=\"flex-basis:33.33%\">\n<figure class=\"wp-block-gallery has-nested-images columns-default is-cropped wp-block-gallery-1 is-layout-flex wp-block-gallery-is-layout-flex\">\n<figure class=\"wp-block-image size-large\"><img loading=\"lazy\" decoding=\"async\" width=\"533\" height=\"756\" data-id=\"1464\" src=\"https:\/\/desetaosnovna.edu.ba\/wp-content\/uploads\/2021\/12\/deseterac-1.jpg\" alt=\"\" class=\"wp-image-1464\" srcset=\"https:\/\/desetaosnovna.edu.ba\/wp-content\/uploads\/2021\/12\/deseterac-1.jpg 533w, https:\/\/desetaosnovna.edu.ba\/wp-content\/uploads\/2021\/12\/deseterac-1-212x300.jpg 212w\" sizes=\"auto, (max-width: 533px) 100vw, 533px\" \/><figcaption class=\"wp-element-caption\"><a href=\"https:\/\/www.yumpu.com\/xx\/document\/read\/66026762\/deseterac-2021\">Deseterac 2021\/2022<\/a><\/figcaption><\/figure>\n<\/figure>\n<\/div>\n\n\n\n<div class=\"wp-block-column is-layout-flow wp-block-column-is-layout-flow\" style=\"flex-basis:33.33%\"><\/div>\n\n\n\n<div class=\"wp-block-column is-layout-flow wp-block-column-is-layout-flow\" style=\"flex-basis:33.33%\"><\/div>\n<\/div>\n\n\n\n<figure class=\"wp-block-gallery has-nested-images columns-4 is-cropped wp-block-gallery-2 is-layout-flex wp-block-gallery-is-layout-flex\">\n<figure class=\"wp-block-image size-large\"><img loading=\"lazy\" decoding=\"async\" width=\"412\" height=\"532\" data-id=\"1017\" src=\"https:\/\/desetaosnovna.edu.ba\/wp-content\/uploads\/2020\/09\/Deseterac.jpg\" alt=\"\" class=\"wp-image-1017\" srcset=\"https:\/\/desetaosnovna.edu.ba\/wp-content\/uploads\/2020\/09\/Deseterac.jpg 412w, https:\/\/desetaosnovna.edu.ba\/wp-content\/uploads\/2020\/09\/Deseterac-232x300.jpg 232w\" sizes=\"auto, (max-width: 412px) 100vw, 412px\" \/><figcaption class=\"wp-element-caption\"><a href=\"https:\/\/www.yumpu.com\/xx\/document\/read\/59700395\/deseterac\" data-type=\"URL\" data-id=\"https:\/\/www.yumpu.com\/xx\/document\/read\/59700395\/deseterac\">Desetera 2016\/2017<\/a><\/figcaption><\/figure>\n\n\n\n<figure class=\"wp-block-image size-large\"><img loading=\"lazy\" decoding=\"async\" width=\"388\" height=\"543\" data-id=\"1018\" src=\"https:\/\/desetaosnovna.edu.ba\/wp-content\/uploads\/2020\/09\/deseterac1.jpg\" alt=\"\" class=\"wp-image-1018\" srcset=\"https:\/\/desetaosnovna.edu.ba\/wp-content\/uploads\/2020\/09\/deseterac1.jpg 388w, https:\/\/desetaosnovna.edu.ba\/wp-content\/uploads\/2020\/09\/deseterac1-214x300.jpg 214w\" sizes=\"auto, (max-width: 388px) 100vw, 388px\" \/><figcaption class=\"wp-element-caption\"><a href=\"https:\/\/www.yumpu.com\/xx\/document\/read\/60794752\/deseterac-2017-2018\" data-type=\"URL\" data-id=\"https:\/\/www.yumpu.com\/xx\/document\/read\/60794752\/deseterac-2017-2018\">Desetera 2017\/2018<\/a><\/figcaption><\/figure>\n\n\n\n<figure class=\"wp-block-image size-large\"><img loading=\"lazy\" decoding=\"async\" width=\"411\" height=\"578\" data-id=\"1019\" src=\"https:\/\/desetaosnovna.edu.ba\/wp-content\/uploads\/2020\/09\/Deseterac2019.jpg\" alt=\"\" class=\"wp-image-1019\" srcset=\"https:\/\/desetaosnovna.edu.ba\/wp-content\/uploads\/2020\/09\/Deseterac2019.jpg 411w, https:\/\/desetaosnovna.edu.ba\/wp-content\/uploads\/2020\/09\/Deseterac2019-213x300.jpg 213w\" sizes=\"auto, (max-width: 411px) 100vw, 411px\" \/><figcaption class=\"wp-element-caption\"><a href=\"https:\/\/www.yumpu.com\/xx\/document\/view\/62965452\/deseterac-2019\" data-type=\"URL\" data-id=\"https:\/\/www.yumpu.com\/xx\/document\/view\/62965452\/deseterac-2019\">Desetera 2018\/2019<\/a><\/figcaption><\/figure>\n\n\n\n<figure class=\"wp-block-image size-large\"><img loading=\"lazy\" decoding=\"async\" width=\"359\" height=\"506\" data-id=\"1161\" src=\"https:\/\/desetaosnovna.edu.ba\/wp-content\/uploads\/2020\/11\/Deseterac2020-1.png\" alt=\"\" class=\"wp-image-1161\" srcset=\"https:\/\/desetaosnovna.edu.ba\/wp-content\/uploads\/2020\/11\/Deseterac2020-1.png 359w, https:\/\/desetaosnovna.edu.ba\/wp-content\/uploads\/2020\/11\/Deseterac2020-1-213x300.png 213w\" sizes=\"auto, (max-width: 359px) 100vw, 359px\" \/><figcaption class=\"wp-element-caption\"><a href=\"https:\/\/www.yumpu.com\/xx\/document\/read\/64887873\/deseterac-2020\">Deseterac 2019\/2020<\/a><\/figcaption><\/figure>\n<\/figure>\n\n\n\n<div class=\"wp-block-columns is-layout-flex wp-container-core-columns-is-layout-9d6595d7 wp-block-columns-is-layout-flex\">\n<div class=\"wp-block-column is-layout-flow wp-block-column-is-layout-flow\" style=\"flex-basis:33.33%\"><\/div>\n\n\n\n<div class=\"wp-block-column is-layout-flow wp-block-column-is-layout-flow\" style=\"flex-basis:33.33%\"><\/div>\n\n\n\n<div class=\"wp-block-column is-layout-flow wp-block-column-is-layout-flow\" style=\"flex-basis:33.33%\"><\/div>\n<\/div>\n\n\n","protected":false},"excerpt":{"rendered":"<p>Svrha \u0161kolskog&nbsp;\u010dasopisa jeste da roditeljima, u\u010denicima i nastavnicima obezbijedi informacije o radu \u0161kole. Na taj na\u010din se gradi odnos \u0161kole &hellip; <\/p>\n","protected":false},"author":1,"featured_media":0,"parent":0,"menu_order":0,"comment_status":"closed","ping_status":"closed","template":"","meta":{"ngg_post_thumbnail":0,"footnotes":""},"class_list":["post-182","page","type-page","status-publish","hentry"],"_links":{"self":[{"href":"https:\/\/desetaosnovna.edu.ba\/index.php\/wp-json\/wp\/v2\/pages\/182","targetHints":{"allow":["GET"]}}],"collection":[{"href":"https:\/\/desetaosnovna.edu.ba\/index.php\/wp-json\/wp\/v2\/pages"}],"about":[{"href":"https:\/\/desetaosnovna.edu.ba\/index.php\/wp-json\/wp\/v2\/types\/page"}],"author":[{"embeddable":true,"href":"https:\/\/desetaosnovna.edu.ba\/index.php\/wp-json\/wp\/v2\/users\/1"}],"replies":[{"embeddable":true,"href":"https:\/\/desetaosnovna.edu.ba\/index.php\/wp-json\/wp\/v2\/comments?post=182"}],"version-history":[{"count":25,"href":"https:\/\/desetaosnovna.edu.ba\/index.php\/wp-json\/wp\/v2\/pages\/182\/revisions"}],"predecessor-version":[{"id":2056,"href":"https:\/\/desetaosnovna.edu.ba\/index.php\/wp-json\/wp\/v2\/pages\/182\/revisions\/2056"}],"wp:attachment":[{"href":"https:\/\/desetaosnovna.edu.ba\/index.php\/wp-json\/wp\/v2\/media?parent=182"}],"curies":[{"name":"wp","href":"https:\/\/api.w.org\/{rel}","templated":true}]}}